{"id":61,"date":"2017-10-06T13:26:11","date_gmt":"2017-10-06T12:26:11","guid":{"rendered":"http:\/\/stickers-en-cire.com\/?page_id=61"},"modified":"2020-04-21T11:37:12","modified_gmt":"2020-04-21T10:37:12","slug":"sachets-de-sceaux-adhesifs","status":"publish","type":"page","link":"http:\/\/stickers-en-cire.com\/?page_id=61","title":{"rendered":"Catalogue de Sceaux Adh\u00e9sifs"},"content":{"rendered":"<p>D\u00e9couvrez notre gamme de plus de 100 motifs de stickers en cire auto-adh\u00e9sifs dans notre catalogue de sceaux adh\u00e9sifs.<\/p>\n<p>De couleur rouge, comme la cire traditionnelle, ils sont vendus en paquet de 15 sceaux adh\u00e9sifs.<\/p>\n<p><a href=\"https:\/\/www.sceaux-personnalises.com\/18-sceaux-adhesifs-en-cire-a-themes\">D\u00e9couvrez les mod\u00e8les autour des diff\u00e9rents th\u00e8mes<\/a><\/p>\n<p>&nbsp;<\/p>\n<div id=\"attachment_146\" style=\"width: 310px\" class=\"wp-caption alignleft\"><a href=\"http:\/\/stickers-en-cire.com\/wp-content\/uploads\/sceaux-adhesifs-avion-sceaux-personnali\u00e9s.jpg\"><img loading=\"lazy\" decoding=\"async\" aria-describedby=\"caption-attachment-146\" class=\"size-medium wp-image-146\" src=\"http:\/\/stickers-en-cire.com\/wp-content\/uploads\/sceaux-adhesifs-avion-sceaux-personnali\u00e9s-300x225.jpg\" alt=\"Sceaux adh\u00e9sifs avion en papier\" width=\"300\" height=\"225\" srcset=\"http:\/\/stickers-en-cire.com\/wp-content\/uploads\/sceaux-adhesifs-avion-sceaux-personnali\u00e9s-300x225.jpg 300w, http:\/\/stickers-en-cire.com\/wp-content\/uploads\/sceaux-adhesifs-avion-sceaux-personnali\u00e9s-768x576.jpg 768w, http:\/\/stickers-en-cire.com\/wp-content\/uploads\/sceaux-adhesifs-avion-sceaux-personnali\u00e9s-1024x768.jpg 1024w\" sizes=\"auto, (max-width: 300px) 100vw, 300px\" \/><\/a><p id=\"caption-attachment-146\" class=\"wp-caption-text\">Sceaux adh\u00e9sifs avion en papier, vendus sur sceaux-personnalis\u00e9s.com<\/p><\/div>\n<div id=\"attachment_147\" style=\"width: 310px\" class=\"wp-caption alignright\"><a href=\"http:\/\/stickers-en-cire.com\/wp-content\/uploads\/sceaux-adhesifs-chat-sceaux-personnali\u00e9s.jpg\"><img loading=\"lazy\" decoding=\"async\" aria-describedby=\"caption-attachment-147\" class=\"size-medium wp-image-147\" src=\"http:\/\/stickers-en-cire.com\/wp-content\/uploads\/sceaux-adhesifs-chat-sceaux-personnali\u00e9s-300x225.jpg\" alt=\"sceaux adh\u00e9sifs chat\" width=\"300\" height=\"225\" srcset=\"http:\/\/stickers-en-cire.com\/wp-content\/uploads\/sceaux-adhesifs-chat-sceaux-personnali\u00e9s-300x225.jpg 300w, http:\/\/stickers-en-cire.com\/wp-content\/uploads\/sceaux-adhesifs-chat-sceaux-personnali\u00e9s-768x576.jpg 768w, http:\/\/stickers-en-cire.com\/wp-content\/uploads\/sceaux-adhesifs-chat-sceaux-personnali\u00e9s-1024x768.jpg 1024w\" sizes=\"auto, (max-width: 300px) 100vw, 300px\" \/><\/a><p id=\"caption-attachment-147\" class=\"wp-caption-text\">Cachets de cire Chat, vendus sur notre boutique sceaux-personnalises.fr en sachet de 15 sceaux<\/p><\/div>\n<div id=\"attachment_150\" style=\"width: 310px\" class=\"wp-caption alignleft\"><a href=\"http:\/\/stickers-en-cire.com\/wp-content\/uploads\/sceaux-adhesifs-colibri-sceaux-personnali\u00e9s.jpg\"><img loading=\"lazy\" decoding=\"async\" aria-describedby=\"caption-attachment-150\" class=\"size-medium wp-image-150\" src=\"http:\/\/stickers-en-cire.com\/wp-content\/uploads\/sceaux-adhesifs-colibri-sceaux-personnali\u00e9s-300x225.jpg\" alt=\"sceaux adh\u00e9sifs colibir saceht de 15 cachets\" width=\"300\" height=\"225\" srcset=\"http:\/\/stickers-en-cire.com\/wp-content\/uploads\/sceaux-adhesifs-colibri-sceaux-personnali\u00e9s-300x225.jpg 300w, http:\/\/stickers-en-cire.com\/wp-content\/uploads\/sceaux-adhesifs-colibri-sceaux-personnali\u00e9s-768x576.jpg 768w, http:\/\/stickers-en-cire.com\/wp-content\/uploads\/sceaux-adhesifs-colibri-sceaux-personnali\u00e9s-1024x768.jpg 1024w\" sizes=\"auto, (max-width: 300px) 100vw, 300px\" \/><\/a><p id=\"caption-attachment-150\" class=\"wp-caption-text\">Cachets de cire autocollants colibiri. vendu en sachet de 15 sceaux adh\u00e9sifs<\/p><\/div>\n<p>&nbsp;<\/p>\n<p>&nbsp;<\/p>\n<p>&nbsp;<\/p>\n<p>&nbsp;<\/p>\n<p>&nbsp;<\/p>\n<p>&nbsp;<\/p>\n<p>&nbsp;<\/p>\n<p>&nbsp;<\/p>\n<p>&nbsp;<\/p>\n<p>Commandez tous nos mod\u00e8les de sceaux adh\u00e9sifs sur le site <a href=\"http:\/\/sceaux-personnalises.com\">Sceaux Personnalis\u00e9s<\/a>.<\/p>\n<p>&nbsp;<\/p>\n<p>&nbsp;<\/p>\n","protected":false},"excerpt":{"rendered":"<p>D\u00e9couvrez notre gamme de plus de 100 motifs de stickers en cire auto-adh\u00e9sifs dans notre catalogue de sceaux adh\u00e9sifs. De couleur rouge, comme la cire traditionnelle, ils sont vendus en paquet de 15 sceaux adh\u00e9sifs. D\u00e9couvrez les mod\u00e8les autour des diff\u00e9rents th\u00e8mes &nbsp; &nbsp; &nbsp; &nbsp; &nbsp; &nbsp; &nbsp; &nbsp; &nbsp; &nbsp; Commandez tous nos &#8230; <a class=\"more-link\" href=\"http:\/\/stickers-en-cire.com\/?page_id=61\"><\/a><\/p>\n","protected":false},"author":2,"featured_media":0,"parent":0,"menu_order":0,"comment_status":"closed","ping_status":"closed","template":"","meta":{"footnotes":""},"class_list":["entry","page","publish","author-adminbba","post-61"],"_links":{"self":[{"href":"http:\/\/stickers-en-cire.com\/index.php?rest_route=\/wp\/v2\/pages\/61","targetHints":{"allow":["GET"]}}],"collection":[{"href":"http:\/\/stickers-en-cire.com\/index.php?rest_route=\/wp\/v2\/pages"}],"about":[{"href":"http:\/\/stickers-en-cire.com\/index.php?rest_route=\/wp\/v2\/types\/page"}],"author":[{"embeddable":true,"href":"http:\/\/stickers-en-cire.com\/index.php?rest_route=\/wp\/v2\/users\/2"}],"replies":[{"embeddable":true,"href":"http:\/\/stickers-en-cire.com\/index.php?rest_route=%2Fwp%2Fv2%2Fcomments&post=61"}],"version-history":[{"count":10,"href":"http:\/\/stickers-en-cire.com\/index.php?rest_route=\/wp\/v2\/pages\/61\/revisions"}],"predecessor-version":[{"id":165,"href":"http:\/\/stickers-en-cire.com\/index.php?rest_route=\/wp\/v2\/pages\/61\/revisions\/165"}],"wp:attachment":[{"href":"http:\/\/stickers-en-cire.com\/index.php?rest_route=%2Fwp%2Fv2%2Fmedia&parent=61"}],"curies":[{"name":"wp","href":"https:\/\/api.w.org\/{rel}","templated":true}]}}