{"id":58,"date":"2017-10-06T13:25:45","date_gmt":"2017-10-06T12:25:45","guid":{"rendered":"http:\/\/stickers-en-cire.com\/?page_id=58"},"modified":"2023-06-28T08:14:01","modified_gmt":"2023-06-28T07:14:01","slug":"sceaux-adhesifs-personnalises","status":"publish","type":"page","link":"http:\/\/stickers-en-cire.com\/?page_id=58","title":{"rendered":"Sceaux Adh\u00e9sifs Personnalis\u00e9s"},"content":{"rendered":"<p>A partir du logo de votre entreprise, de votre dessin, de votre signature nous r\u00e9alisons vos cachets de cire adh\u00e9sifs personnalis\u00e9s. Ces\u00a0sceaux adh\u00e9sifs personnalis\u00e9s deviennent un \u00e9l\u00e9ment indispensable \u00e0 votre communication ! Vous pouvez les utiliser pour cacheter des invitations, pour sceller des colis.<\/p>\n<p>Leur dimension est personnalisable, ainsi que leur forme. Nous faisons \u00e9galement en sorte de colorer la cire selon vos convenances. Ces commandes peuvent \u00eatre r\u00e9alis\u00e9es m\u00eame pour des petites quantit\u00e9s et jusqu&rsquo;\u00e0 10 000 pi\u00e8ces. Les frais techniques sont pay\u00e9s lors de la premi\u00e8re commande d&rsquo;un mod\u00e8le, ensuite pour tout autre tirage de ce motif vous ne payerez que vos cachets de cire.<\/p>\n<div id=\"attachment_156\" style=\"width: 310px\" class=\"wp-caption alignleft\"><a href=\"http:\/\/stickers-en-cire.com\/wp-content\/uploads\/SCADH_Fig_arg-sceaux-personnali\u00e9s.jpg\"><img loading=\"lazy\" decoding=\"async\" aria-describedby=\"caption-attachment-156\" class=\"size-medium wp-image-156\" src=\"http:\/\/stickers-en-cire.com\/wp-content\/uploads\/SCADH_Fig_arg-sceaux-personnali\u00e9s-300x247.jpg\" alt=\"Cachets de cire personnalis\u00e9s logo d'entreprise\" width=\"300\" height=\"247\" srcset=\"http:\/\/stickers-en-cire.com\/wp-content\/uploads\/SCADH_Fig_arg-sceaux-personnali\u00e9s-300x247.jpg 300w, http:\/\/stickers-en-cire.com\/wp-content\/uploads\/SCADH_Fig_arg-sceaux-personnali\u00e9s-768x633.jpg 768w, http:\/\/stickers-en-cire.com\/wp-content\/uploads\/SCADH_Fig_arg-sceaux-personnali\u00e9s-1024x844.jpg 1024w, http:\/\/stickers-en-cire.com\/wp-content\/uploads\/SCADH_Fig_arg-sceaux-personnali\u00e9s.jpg 1138w\" sizes=\"auto, (max-width: 300px) 100vw, 300px\" \/><\/a><p id=\"caption-attachment-156\" class=\"wp-caption-text\">Sur devis nous fabriquons vos cachets de cire adh\u00e9sifs \u00e0 votre logo &#8211; couleur de cire au choix<\/p><\/div>\n<div id=\"attachment_155\" style=\"width: 310px\" class=\"wp-caption alignright\"><a href=\"http:\/\/stickers-en-cire.com\/wp-content\/uploads\/exemple-Merci_18mm-sceaux-personnali\u00e9s.jpg\"><img loading=\"lazy\" decoding=\"async\" aria-describedby=\"caption-attachment-155\" class=\"size-medium wp-image-155\" src=\"http:\/\/stickers-en-cire.com\/wp-content\/uploads\/exemple-Merci_18mm-sceaux-personnali\u00e9s-300x249.jpg\" alt=\"Sceaux en cire adh\u00e9sifs personnalis\u00e9s merci\" width=\"300\" height=\"249\" srcset=\"http:\/\/stickers-en-cire.com\/wp-content\/uploads\/exemple-Merci_18mm-sceaux-personnali\u00e9s-300x249.jpg 300w, http:\/\/stickers-en-cire.com\/wp-content\/uploads\/exemple-Merci_18mm-sceaux-personnali\u00e9s.jpg 576w\" sizes=\"auto, (max-width: 300px) 100vw, 300px\" \/><\/a><p id=\"caption-attachment-155\" class=\"wp-caption-text\">Sur devis nous fabriquons vos cachets de cire adh\u00e9sifs au message d\u00e9sir\u00e9e. couleur de cire au choix<\/p><\/div>\n<p>Envoyez-nous votre motif en format de bonne qualit\u00e9. Utilisez le formulaire ci-dessous, ou bien <a href=\"mailto:contact.sceaux@gmail.com\">envoyez-nous directement un email <\/a>si votre fichier n&rsquo;est pas valid\u00e9 par le formulaire. Nous vous enverrons un devis pour diff\u00e9rentes dimensions de cachets de cire (matrice \u00e0 partir de 18mm jusqu&rsquo;\u00e0 30mm) et pour diff\u00e9rentes quantit\u00e9s.<\/p>\n<p style=\"text-align: center;\"><a href=\"mailto:contact.sceaux@gmail.com\" data-wplink-edit=\"true\">Contactez-nous par email pour toutes demandes de devis ou d&rsquo;informations \u00e0 contact.sceaux@gmail.com<\/a><\/p>\n","protected":false},"excerpt":{"rendered":"<p>A partir du logo de votre entreprise, de votre dessin, de votre signature nous r\u00e9alisons vos cachets de cire adh\u00e9sifs personnalis\u00e9s. Ces\u00a0sceaux adh\u00e9sifs personnalis\u00e9s deviennent un \u00e9l\u00e9ment indispensable \u00e0 votre communication ! Vous pouvez les utiliser pour cacheter des invitations, pour sceller des colis. Leur dimension est personnalisable, ainsi que leur forme. Nous faisons \u00e9galement &#8230; <a class=\"more-link\" href=\"http:\/\/stickers-en-cire.com\/?page_id=58\"><\/a><\/p>\n","protected":false},"author":2,"featured_media":0,"parent":0,"menu_order":0,"comment_status":"closed","ping_status":"closed","template":"","meta":{"footnotes":""},"class_list":["entry","page","publish","author-adminbba","post-58"],"_links":{"self":[{"href":"http:\/\/stickers-en-cire.com\/index.php?rest_route=\/wp\/v2\/pages\/58","targetHints":{"allow":["GET"]}}],"collection":[{"href":"http:\/\/stickers-en-cire.com\/index.php?rest_route=\/wp\/v2\/pages"}],"about":[{"href":"http:\/\/stickers-en-cire.com\/index.php?rest_route=\/wp\/v2\/types\/page"}],"author":[{"embeddable":true,"href":"http:\/\/stickers-en-cire.com\/index.php?rest_route=\/wp\/v2\/users\/2"}],"replies":[{"embeddable":true,"href":"http:\/\/stickers-en-cire.com\/index.php?rest_route=%2Fwp%2Fv2%2Fcomments&post=58"}],"version-history":[{"count":9,"href":"http:\/\/stickers-en-cire.com\/index.php?rest_route=\/wp\/v2\/pages\/58\/revisions"}],"predecessor-version":[{"id":169,"href":"http:\/\/stickers-en-cire.com\/index.php?rest_route=\/wp\/v2\/pages\/58\/revisions\/169"}],"wp:attachment":[{"href":"http:\/\/stickers-en-cire.com\/index.php?rest_route=%2Fwp%2Fv2%2Fmedia&parent=58"}],"curies":[{"name":"wp","href":"https:\/\/api.w.org\/{rel}","templated":true}]}}