{"id":2,"date":"2014-07-02T19:30:01","date_gmt":"2014-07-02T18:30:01","guid":{"rendered":"http:\/\/stickers-en-cire.com\/?page_id=2"},"modified":"2023-06-28T08:17:21","modified_gmt":"2023-06-28T07:17:21","slug":"cachets-de-cire-autocollants","status":"publish","type":"page","link":"http:\/\/stickers-en-cire.com\/","title":{"rendered":"Sceaux Adh\u00e9sifs en Cire"},"content":{"rendered":"<p>Personnaliser, d\u00e9corer, cacheter : d\u00e9couvrez nos sceaux adh\u00e9sifs en cire.<\/p>\n<p>Depuis 20 ans, nous fabriquons des <a href=\"https:\/\/sceaux-personnalises.com\">tampons personnalis\u00e9s pour marquer la cire<\/a>. Forts de notre exp\u00e9rience, nous vous proposons : les cachets en cire adh\u00e9sifs. Tamponn\u00e9s dans notre atelier, vous les recevez tout pr\u00eats. Il vous suffit de les coller, comme un autocollant sur votre support. N&rsquo;h\u00e9sitez pas \u00e0 nous contacter par email \u00e0 <a href=\"mailto:contact.sceaux@gmail.com\">contact.sceaux@gmail.com<\/a> .<\/p>\n<p>Les pastilles adh\u00e9sives ou sceaux autocollants \u00a0permettent de cacheter rapidement un paquet, \u00a0une enveloppe, un dipl\u00f4me ou m\u00eame une bouteille.<\/p>\n<p>Sans risque de br\u00fblure ou de \u00ab\u00a0rat\u00e9\u00a0\u00bb ils sont recommand\u00e9s en boutique. En quelques secondes, vous cachetez facilement et proprement les paquets devant les clients. Ils apportent une originalit\u00e9 authentique \u00e0 vos packaging.<\/p>\n<p>Depuis l&rsquo;antiquit\u00e9, le sceau est le garant de la confidentialit\u00e9 des missives tout en faisant office de signature. Simples, rapides et r\u00e9sistants au transport postal nos sceaux adh\u00e9sifs sont id\u00e9aux pour apporter une fantaisie suppl\u00e9mentaire \u00e0 vos faire-part de mariage ou de naissance.<\/p>\n<p>A l&rsquo;effigie de leur marque, plusieurs entreprises nous ont d\u00e9j\u00e0 fait confiance pour personnaliser leurs invitations ou supports de communication.<\/p>\n<p>Nous vous proposons un <a href=\"https:\/\/www.sceaux-personnalises.com\/18-sceaux-adhesifs-en-cire-a-themes\">catalogue de plus de 100 mod\u00e8les<\/a>. Aussi, la cr\u00e9ation de vos sceaux adh\u00e9sifs personnalis\u00e9s est r\u00e9alisables sur devis en nous \u00e9crivant \u00e0 <a href=\"mailto:contact.sceaux@gmail.com\">contact.sceaux@gmail.com<\/a> .<\/p>\n<p><a href=\"http:\/\/stickers-en-cire.com\/wp-content\/uploads\/SCADH_LOU22a.jpg\"><img loading=\"lazy\" decoding=\"async\" class=\"size-medium wp-image-14 img-responsive alignleft\" src=\"http:\/\/stickers-en-cire.com\/wp-content\/uploads\/SCADH_LOU22a-300x297.jpg\" alt=\"KONICA MINOLTA DIGITAL CAMERA\" width=\"300\" height=\"297\" srcset=\"http:\/\/stickers-en-cire.com\/wp-content\/uploads\/SCADH_LOU22a-300x297.jpg 300w, http:\/\/stickers-en-cire.com\/wp-content\/uploads\/SCADH_LOU22a-150x150.jpg 150w, http:\/\/stickers-en-cire.com\/wp-content\/uploads\/SCADH_LOU22a.jpg 735w\" sizes=\"auto, (max-width: 300px) 100vw, 300px\" \/><\/a><a href=\"http:\/\/stickers-en-cire.com\/wp-content\/uploads\/sceaux_19mm_Dior.jpg\"><img loading=\"lazy\" decoding=\"async\" class=\"alignnone size-medium wp-image-10 img-responsive\" src=\"http:\/\/stickers-en-cire.com\/wp-content\/uploads\/sceaux_19mm_Dior-300x224.jpg\" alt=\"sceaux_19mm_Dior\" width=\"300\" height=\"224\" srcset=\"http:\/\/stickers-en-cire.com\/wp-content\/uploads\/sceaux_19mm_Dior-300x224.jpg 300w, http:\/\/stickers-en-cire.com\/wp-content\/uploads\/sceaux_19mm_Dior-1024x767.jpg 1024w, http:\/\/stickers-en-cire.com\/wp-content\/uploads\/sceaux_19mm_Dior.jpg 1306w\" sizes=\"auto, (max-width: 300px) 100vw, 300px\" \/><\/a><a href=\"http:\/\/stickers-en-cire.com\/wp-content\/uploads\/frerejn02.jpg\"><img loading=\"lazy\" decoding=\"async\" class=\"alignnone size-medium wp-image-8 img-responsive\" src=\"http:\/\/stickers-en-cire.com\/wp-content\/uploads\/frerejn02-217x300.jpg\" alt=\"frerejn02\" width=\"217\" height=\"300\" srcset=\"http:\/\/stickers-en-cire.com\/wp-content\/uploads\/frerejn02-217x300.jpg 217w, http:\/\/stickers-en-cire.com\/wp-content\/uploads\/frerejn02.jpg 414w\" sizes=\"auto, (max-width: 217px) 100vw, 217px\" \/><\/a><\/p>\n","protected":false},"excerpt":{"rendered":"<p>Personnaliser, d\u00e9corer, cacheter : d\u00e9couvrez nos sceaux adh\u00e9sifs en cire. Depuis 20 ans, nous fabriquons des tampons personnalis\u00e9s pour marquer la cire. Forts de notre exp\u00e9rience, nous vous proposons : les cachets en cire adh\u00e9sifs. Tamponn\u00e9s dans notre atelier, vous les recevez tout pr\u00eats. Il vous suffit de les coller, comme un autocollant sur votre &#8230; <a class=\"more-link\" href=\"http:\/\/stickers-en-cire.com\/\"><\/a><\/p>\n","protected":false},"author":1,"featured_media":0,"parent":0,"menu_order":1,"comment_status":"closed","ping_status":"closed","template":"","meta":{"footnotes":""},"class_list":["entry","page","publish","author-adminajc","post-2"],"_links":{"self":[{"href":"http:\/\/stickers-en-cire.com\/index.php?rest_route=\/wp\/v2\/pages\/2","targetHints":{"allow":["GET"]}}],"collection":[{"href":"http:\/\/stickers-en-cire.com\/index.php?rest_route=\/wp\/v2\/pages"}],"about":[{"href":"http:\/\/stickers-en-cire.com\/index.php?rest_route=\/wp\/v2\/types\/page"}],"author":[{"embeddable":true,"href":"http:\/\/stickers-en-cire.com\/index.php?rest_route=\/wp\/v2\/users\/1"}],"replies":[{"embeddable":true,"href":"http:\/\/stickers-en-cire.com\/index.php?rest_route=%2Fwp%2Fv2%2Fcomments&post=2"}],"version-history":[{"count":27,"href":"http:\/\/stickers-en-cire.com\/index.php?rest_route=\/wp\/v2\/pages\/2\/revisions"}],"predecessor-version":[{"id":171,"href":"http:\/\/stickers-en-cire.com\/index.php?rest_route=\/wp\/v2\/pages\/2\/revisions\/171"}],"wp:attachment":[{"href":"http:\/\/stickers-en-cire.com\/index.php?rest_route=%2Fwp%2Fv2%2Fmedia&parent=2"}],"curies":[{"name":"wp","href":"https:\/\/api.w.org\/{rel}","templated":true}]}}