{"id":174,"date":"2025-02-21T14:51:14","date_gmt":"2025-02-21T13:51:14","guid":{"rendered":"https:\/\/stickers-en-cire.com\/?page_id=174"},"modified":"2025-02-21T14:51:15","modified_gmt":"2025-02-21T13:51:15","slug":"creez-vos-sceaux-de-cire-adhesifs-personnalises-en-quelques-clics","status":"publish","type":"page","link":"http:\/\/stickers-en-cire.com\/?page_id=174","title":{"rendered":"Cr\u00e9ez vos sceaux de cire adh\u00e9sifs personnalis\u00e9s en quelques clics !"},"content":{"rendered":"\n<p><\/p>\n\n\n\n<p>Vous cherchez \u00e0 ajouter une touche d&rsquo;\u00e9l\u00e9gance et d&rsquo;authenticit\u00e9 \u00e0 vos invitations, emballages ou correspondances ? D\u00e9couvrez notre outil de personnalisation de sceaux de cire adh\u00e9sifs sur <strong><a href=\"https:\/\/www.sceaux-personnalises.com\/66-sceaux-adhesifs-personnalises-initiales.html\">Sceaux-Personnalis\u00e9s.com<\/a><\/strong> !<\/p>\n\n\n\n<h3 class=\"wp-block-heading\">Une personnalisation unique et facile<\/h3>\n\n\n\n<p>Notre interface intuitive vous permet de concevoir des sceaux \u00e0 votre image en quelques minutes. Vous pouvez :<\/p>\n\n\n\n<ul class=\"wp-block-list\">\n<li><strong>Choisir parmi plusieurs polices \u00e9l\u00e9gantes<\/strong> pour vos initiales ou votre texte personnalis\u00e9.<\/li>\n\n\n\n<li><strong>S\u00e9lectionner un motif parmi notre large collection<\/strong> ou importer votre propre image pour un rendu unique.<\/li>\n\n\n\n<li><strong>Obtenir un aper\u00e7u instantan\u00e9<\/strong> de votre cr\u00e9ation avant de passer commande.<\/li>\n<\/ul>\n\n\n\n<figure class=\"wp-block-image size-full\"><a href=\"https:\/\/stickers-en-cire.com\/wp-content\/uploads\/perso-sceaux-adhesifs.jpg\"><img loading=\"lazy\" decoding=\"async\" width=\"911\" height=\"640\" src=\"https:\/\/stickers-en-cire.com\/wp-content\/uploads\/perso-sceaux-adhesifs.jpg\" alt=\"vos cachets de cire adh\u00e9sifs personnalis\u00e9s en ligne\" class=\"wp-image-175\" srcset=\"http:\/\/stickers-en-cire.com\/wp-content\/uploads\/perso-sceaux-adhesifs.jpg 911w, http:\/\/stickers-en-cire.com\/wp-content\/uploads\/perso-sceaux-adhesifs-300x211.jpg 300w, http:\/\/stickers-en-cire.com\/wp-content\/uploads\/perso-sceaux-adhesifs-768x540.jpg 768w\" sizes=\"auto, (max-width: 911px) 100vw, 911px\" \/><\/a><figcaption class=\"wp-element-caption\">D\u00e9couvrez notre interface intuitif personnalisez vos cachets de cire sur <a href=\"https:\/\/www.sceaux-personnalises.com\/66-sceaux-adhesifs-personnalises-initiales.html\">www.sceaux-personnalises.com<\/a><\/figcaption><\/figure>\n\n\n\n<h3 class=\"wp-block-heading\">Pourquoi choisir nos sceaux de cire adh\u00e9sifs ?<\/h3>\n\n\n\n<ul class=\"wp-block-list\">\n<li><strong>Simplicit\u00e9 d&rsquo;utilisation<\/strong> : Pas besoin de cire ni de timbre ! Il suffit de d\u00e9coller et d&rsquo;appliquer votre sceau sur vos supports.<\/li>\n\n\n\n<li><strong>Un rendu authentique et raffin\u00e9<\/strong> : Nos sceaux imitent parfaitement la cire traditionnelle tout en \u00e9tant plus pratiques.<\/li>\n\n\n\n<li><strong>Un large choix de designs et couleurs<\/strong> : Parfait pour des mariages, des invitations, des packagings ou des \u00e9v\u00e9nements sp\u00e9ciaux.<\/li>\n<\/ul>\n\n\n\n<h3 class=\"wp-block-heading\">Cr\u00e9ez d\u00e8s maintenant vos sceaux personnalis\u00e9s !<\/h3>\n\n\n\n<p>Ajoutez une touche d&rsquo;\u00e9l\u00e9gance et de distinction \u00e0 vos cr\u00e9ations avec nos sceaux de cire adh\u00e9sifs personnalis\u00e9s. Testez notre outil en ligne d\u00e8s maintenant sur <strong><a href=\"https:\/\/www.sceaux-personnalises.com\/66-sceaux-adhesifs-personnalises-initiales.html\">Sceaux-Personnalis\u00e9s.com<\/a><\/strong> et donnez vie \u00e0 vos id\u00e9es !<\/p>\n\n\n\n<p>\ud83d\udce2 <strong>Profitez d&rsquo;une exp\u00e9rience de personnalisation unique et laissez parler votre cr\u00e9ativit\u00e9 !<\/strong><\/p>\n","protected":false},"excerpt":{"rendered":"<p>Vous cherchez \u00e0 ajouter une touche d&rsquo;\u00e9l\u00e9gance et d&rsquo;authenticit\u00e9 \u00e0 vos invitations, emballages ou correspondances ? D\u00e9couvrez notre outil de personnalisation de sceaux de cire adh\u00e9sifs sur Sceaux-Personnalis\u00e9s.com ! Une personnalisation unique et facile Notre interface intuitive vous permet de concevoir des sceaux \u00e0 votre image en quelques minutes. Vous pouvez : Pourquoi choisir nos &#8230; <a class=\"more-link\" href=\"http:\/\/stickers-en-cire.com\/?page_id=174\"><\/a><\/p>\n","protected":false},"author":1,"featured_media":0,"parent":0,"menu_order":0,"comment_status":"closed","ping_status":"closed","template":"","meta":{"footnotes":""},"class_list":["entry","page","publish","author-adminajc","post-174"],"_links":{"self":[{"href":"http:\/\/stickers-en-cire.com\/index.php?rest_route=\/wp\/v2\/pages\/174","targetHints":{"allow":["GET"]}}],"collection":[{"href":"http:\/\/stickers-en-cire.com\/index.php?rest_route=\/wp\/v2\/pages"}],"about":[{"href":"http:\/\/stickers-en-cire.com\/index.php?rest_route=\/wp\/v2\/types\/page"}],"author":[{"embeddable":true,"href":"http:\/\/stickers-en-cire.com\/index.php?rest_route=\/wp\/v2\/users\/1"}],"replies":[{"embeddable":true,"href":"http:\/\/stickers-en-cire.com\/index.php?rest_route=%2Fwp%2Fv2%2Fcomments&post=174"}],"version-history":[{"count":1,"href":"http:\/\/stickers-en-cire.com\/index.php?rest_route=\/wp\/v2\/pages\/174\/revisions"}],"predecessor-version":[{"id":176,"href":"http:\/\/stickers-en-cire.com\/index.php?rest_route=\/wp\/v2\/pages\/174\/revisions\/176"}],"wp:attachment":[{"href":"http:\/\/stickers-en-cire.com\/index.php?rest_route=%2Fwp%2Fv2%2Fmedia&parent=174"}],"curies":[{"name":"wp","href":"https:\/\/api.w.org\/{rel}","templated":true}]}}